{"id":181,"date":"2022-01-20T23:55:55","date_gmt":"2022-01-20T23:55:55","guid":{"rendered":"https:\/\/amtb.org.br\/cbm\/?page_id=181"},"modified":"2022-10-29T03:40:47","modified_gmt":"2022-10-29T03:40:47","slug":"hospedagem","status":"publish","type":"page","link":"https:\/\/amtb.org.br\/cbm\/hospedagem\/","title":{"rendered":"Hospedagem"},"content":{"rendered":"\t\t<div data-elementor-type=\"wp-page\" data-elementor-id=\"181\" class=\"elementor elementor-181\">\n\t\t\t\t\t\t\t\t\t<section class=\"has_eae_slider elementor-section elementor-top-section elementor-element elementor-element-f47b617 elementor-section-boxed elementor-section-height-default elementor-section-height-default\" data-id=\"f47b617\" data-element_type=\"section\">\n\t\t\t\t\t\t<div class=\"elementor-container elementor-column-gap-default\">\n\t\t\t\t\t<div class=\"has_eae_slider elementor-column elementor-col-100 elementor-top-column elementor-element elementor-element-04e1ef6\" data-id=\"04e1ef6\" data-element_type=\"column\">\n\t\t\t<div class=\"elementor-widget-wrap elementor-element-populated\">\n\t\t\t\t\t\t\t\t<div class=\"elementor-element elementor-element-b1d7dd3 elementor-widget elementor-widget-heading\" data-id=\"b1d7dd3\" data-element_type=\"widget\" data-widget_type=\"heading.default\">\n\t\t\t\t<div class=\"elementor-widget-container\">\n\t\t\t<style>\/*! elementor - v3.8.0 - 30-10-2022 *\/\n.elementor-heading-title{padding:0;margin:0;line-height:1}.elementor-widget-heading .elementor-heading-title[class*=elementor-size-]>a{color:inherit;font-size:inherit;line-height:inherit}.elementor-widget-heading .elementor-heading-title.elementor-size-small{font-size:15px}.elementor-widget-heading .elementor-heading-title.elementor-size-medium{font-size:19px}.elementor-widget-heading .elementor-heading-title.elementor-size-large{font-size:29px}.elementor-widget-heading .elementor-heading-title.elementor-size-xl{font-size:39px}.elementor-widget-heading .elementor-heading-title.elementor-size-xxl{font-size:59px}<\/style><h2 class=\"elementor-heading-title elementor-size-default\">HOSPEDAGEM<\/h2>\t\t<\/div>\n\t\t\t\t<\/div>\n\t\t\t\t<div class=\"elementor-element elementor-element-d26e160 elementor-widget elementor-widget-text-editor\" data-id=\"d26e160\" data-element_type=\"widget\" data-widget_type=\"text-editor.default\">\n\t\t\t\t<div class=\"elementor-widget-container\">\n\t\t\t<style>\/*! elementor - v3.8.0 - 30-10-2022 *\/\n.elementor-widget-text-editor.elementor-drop-cap-view-stacked .elementor-drop-cap{background-color:#818a91;color:#fff}.elementor-widget-text-editor.elementor-drop-cap-view-framed .elementor-drop-cap{color:#818a91;border:3px solid;background-color:transparent}.elementor-widget-text-editor:not(.elementor-drop-cap-view-default) .elementor-drop-cap{margin-top:8px}.elementor-widget-text-editor:not(.elementor-drop-cap-view-default) .elementor-drop-cap-letter{width:1em;height:1em}.elementor-widget-text-editor .elementor-drop-cap{float:left;text-align:center;line-height:1;font-size:50px}.elementor-widget-text-editor .elementor-drop-cap-letter{display:inline-block}<\/style>\t\t\t\t<p>O CBM n\u00e3o se responsabiliza pela hospedagem, mas disponibilizamos\u00a0uma lista com os valores praticados pelos hot\u00e9is da cidade com pre\u00e7os especiais para o evento.<\/p><p><span data-contrast=\"auto\">Para se hospedar nos hot\u00e9is da cidade, contate diretamente o hotel de interesse. Consulte tamb\u00e9m as op\u00e7\u00f5es de pagamento via cart\u00e3o de cr\u00e9dito e boleto banc\u00e1rio.<\/span><span data-ccp-props=\"{\">\u00a0<\/span><\/p>\t\t\t\t\t\t<\/div>\n\t\t\t\t<\/div>\n\t\t\t\t<div class=\"elementor-element elementor-element-5660140 elementor-widget elementor-widget-text-editor\" data-id=\"5660140\" data-element_type=\"widget\" data-widget_type=\"text-editor.default\">\n\t\t\t\t<div class=\"elementor-widget-container\">\n\t\t\t\t\t\t\t<ul><li data-leveltext=\"\uf0b7\" data-font=\"Symbol\" data-listid=\"3\" aria-setsize=\"-1\" data-aria-posinset=\"1\" data-aria-level=\"1\"><h3><b><span data-contrast=\"auto\">Hotel Monte Real | <\/span><\/b><span data-ccp-props=\"{\">Hotel oficial do evento<\/span><\/h3><\/li><\/ul><p><i><b>Participantes que ficarem hospedados no Hotel Monte Real\u202fter\u00e3o um desconto de 15%*<\/b> no ato da inscri\u00e7\u00e3o do evento. O\u202fCUPOM DE DESCONTO ser\u00e1 dado pelo hotel no momento da efetiva\u00e7\u00e3o da reserva.<\/i><\/p><p><i><b>*Desconto n\u00e3o cumulativo com a promo\u00e7\u00e3o para organiza\u00e7\u00f5es filiadas.<\/b><\/i><\/p><p><a href=\"https:\/\/vivamontereal.com.br\/\"><b><span data-contrast=\"none\">https:\/\/vivamontereal.com.br\/<\/span><\/b><\/a><b><span data-contrast=\"auto\">\u202f| Telefone: (19) 3924-9200 | <a href=\"https:\/\/api.whatsapp.com\/send?phone=551939249200\" target=\"_blank\" rel=\"noopener\">WhatsApp: (19) 3924-9200<\/a><\/span><\/b><span data-ccp-props=\"{\">\u00a0\u00a0<\/span><\/p><p>Quarto Single: R$ 472,00<br \/>Quarto Duplo: R$ 295,00<br \/>Quarto Triplo: R$ 274,00<br \/>Quarto Qu\u00e1druplo: R$ 255,00<br \/>Quarto Qu\u00edntuplo: R$ 232,50<br \/>obs.\u00b9: Crian\u00e7a at\u00e9 4 anos: cortesia<br \/>obs.\u00b2: Crian\u00e7a de 5 a 11 anos: R$ 146,00<\/p>\t\t\t\t\t\t<\/div>\n\t\t\t\t<\/div>\n\t\t\t\t<div class=\"elementor-element elementor-element-1dcfa41 elementor-widget elementor-widget-text-editor\" data-id=\"1dcfa41\" data-element_type=\"widget\" data-widget_type=\"text-editor.default\">\n\t\t\t\t<div class=\"elementor-widget-container\">\n\t\t\t\t\t\t\t<p><strong>Outras op\u00e7\u00f5es:<\/strong><\/p>\n<ul>\n<li data-leveltext=\"\uf0b7\" data-font=\"Symbol\" data-listid=\"3\" aria-setsize=\"-1\" data-aria-posinset=\"1\" data-aria-level=\"1\"><b><span data-contrast=\"auto\">Hotel Bela Vista<\/span><\/b><span data-ccp-props=\"{\">&nbsp;<\/span><\/li>\n<\/ul>\n<p><a href=\"https:\/\/www.hotelrecantobelavista.com.br\/\"><b><span data-contrast=\"none\">https:\/\/www.hotelrecantobelavista.com.br\/<\/span><\/b><\/a><b><span data-contrast=\"auto\">\u202f| Telefone: (19) 3924-9100 | WhatsApp: (11) 99691-9476<\/span><\/b><span data-ccp-props=\"{\">&nbsp;<\/span><\/p>\n<p><span data-ccp-props=\"{\">Quarto Single: Apto. Luxo R$ 312,00 | Apto. Master R$ 360,00<br>Quarto Duplo: Apto. Luxo R$ 195,00 | Apto. Master R$ 225,00<br>Quarto Triplo: Apto. Luxo R$ 180,00 | Apto. Master R$ 210,00<br>Quarto Qu\u00e1druplo: Apto. Luxo R$ 173,00<br>obs.: Crian\u00e7a at\u00e9 5 anos: cortesia<\/span><\/p>\n<ul>\n<li data-leveltext=\"\uf0b7\" data-font=\"Symbol\" data-listid=\"3\" aria-setsize=\"-1\" data-aria-posinset=\"1\" data-aria-level=\"1\"><b><span data-contrast=\"auto\">Hotel Guarany<\/span><\/b><\/li>\n<\/ul>\n<div>\n<p><strong><a tabindex=\"-1\" title=\"http:\/\/www.hotelguarany.com.br\/\" href=\"http:\/\/www.hotelguarany.com.br\" target=\"_blank\" rel=\"noreferrer noopener\">https:\/\/www.hotelguarany.com.br\/ <\/a>| Telefone (19) 3924-8080 | WhatsApp: (11) 98815-1944<\/strong><\/p>\n<p>Quarto Duplo:<br><span style=\"color: var( --e-global-color-text ); font-family: var( --e-global-typography-text-font-family ), Sans-serif; font-size: var( --e-global-typography-text-font-size ); font-weight: var( --e-global-typography-text-font-weight );\">Sem varanda: R$ 1.650,00 (R$ 825,00 por pessoa)<br><\/span><span style=\"color: var( --e-global-color-text ); font-family: var( --e-global-typography-text-font-family ), Sans-serif; font-size: var( --e-global-typography-text-font-size ); font-weight: var( --e-global-typography-text-font-weight );\">Com varanda: R$ 1.815,00 (R$ 907,50 por pessoa)<\/span><\/p>\n<p><span style=\"color: var( --e-global-color-text ); font-family: var( --e-global-typography-text-font-family ), Sans-serif; font-size: var( --e-global-typography-text-font-size ); font-weight: var( --e-global-typography-text-font-weight );\">Quarto Triplo:<br><\/span><span style=\"color: var( --e-global-color-text ); font-family: var( --e-global-typography-text-font-family ), Sans-serif; font-size: var( --e-global-typography-text-font-size ); font-weight: var( --e-global-typography-text-font-weight );\">Sem varanda: R$ 2.310,00 (R$ 770,00 por pessoa)&nbsp;<br><\/span><span style=\"color: var( --e-global-color-text ); font-family: var( --e-global-typography-text-font-family ), Sans-serif; font-size: var( --e-global-typography-text-font-size ); font-weight: var( --e-global-typography-text-font-weight );\">Com varanda: R$ 2.541,00 (R$ 847,00 por pessoa)&nbsp;<\/span><\/p>\n<p><span style=\"color: var( --e-global-color-text ); font-family: var( --e-global-typography-text-font-family ), Sans-serif; font-size: var( --e-global-typography-text-font-size ); font-weight: var( --e-global-typography-text-font-weight );\">Quarto Qu\u00e1druplo:<br><\/span><span style=\"color: var( --e-global-color-text ); font-family: var( --e-global-typography-text-font-family ), Sans-serif; font-size: var( --e-global-typography-text-font-size ); font-weight: var( --e-global-typography-text-font-weight );\">R$ 2.970,00 (R$ 742,50 por pessoa)<\/span><\/p>\n<p>obs.: Crian\u00e7as at\u00e9 5 anos: cortesia<\/p>\n<\/div>\n<div>&nbsp;<\/div>\n<ul>\n<li data-leveltext=\"\uf0b7\" data-font=\"Symbol\" data-listid=\"3\" aria-setsize=\"-1\" data-aria-posinset=\"2\" data-aria-level=\"1\"><b><span data-contrast=\"auto\">Hotel Zanon<\/span><\/b><span data-ccp-props=\"{\">&nbsp;<\/span><\/li>\n<\/ul>\n<p><a href=\"https:\/\/www.hotelzanon.com.br\/\"><b><span data-contrast=\"none\">https:\/\/www.hotelzanon.com.br\/<\/span><\/b><\/a><a href=\"mailto:+55-19-4040-4216%20contato@montereal.com.br\"><b><span data-contrast=\"none\">\u202f|\u202f<\/span><\/b><\/a><b><span data-contrast=\"auto\">Telefone: (19) 3824-3000 | WhatsApp: (19) 99706-3096<\/span><\/b><span data-ccp-props=\"{\">&nbsp;<\/span><\/p>\n<p><span data-ccp-props=\"{\"> Quarto Single: R$ 449,00<br>Quarto Duplo: R$ 249,50<br>Quarto Triplo: R$ 232,92<br>Quarto Qu\u00e1druplo: R$ 224,63<br>obs.: Crian\u00e7a at\u00e9 5 anos: cortesia<\/span><\/p>\n<ul>\n<li data-leveltext=\"\uf0b7\" data-font=\"Symbol\" data-listid=\"3\" aria-setsize=\"-1\" data-aria-posinset=\"1\" data-aria-level=\"1\"><b><span data-contrast=\"auto\">Hotel Panorama<\/span><\/b><span data-ccp-props=\"{\">&nbsp;<\/span><\/li>\n<\/ul>\n<p><a href=\"https:\/\/hotelpanorama.com.br\/\"><b><span data-contrast=\"none\">https:\/\/hotelpanorama.com.br\/<\/span><\/b><\/a><a href=\"mailto:mobilizacao@amtb.org.br\"><b><span data-contrast=\"none\">\u202f|\u202f<\/span><\/b><\/a><b><span data-contrast=\"auto\">Telefone: (19) 3824-2700 | WhatsApp: (19) 99733-0476<\/span><\/b><span data-ccp-props=\"{\">&nbsp;<\/span><\/p>\n<p><span style=\"color: var( --e-global-color-text ); font-family: var( --e-global-typography-text-font-family ), Sans-serif; font-size: var( --e-global-typography-text-font-size ); font-weight: var( --e-global-typography-text-font-weight );\">Quarto Single: R$ 396,00<br><\/span><span style=\"color: var( --e-global-color-text ); font-family: var( --e-global-typography-text-font-family ), Sans-serif; font-size: var( --e-global-typography-text-font-size ); font-weight: var( --e-global-typography-text-font-weight );\">Quarto Duplo: R$ 247,50<br><\/span><span style=\"color: var( --e-global-color-text ); font-family: var( --e-global-typography-text-font-family ), Sans-serif; font-size: var( --e-global-typography-text-font-size ); font-weight: var( --e-global-typography-text-font-weight );\">Quarto Triplo: R$ 238,67<\/span><span style=\"color: var( --e-global-color-text ); font-family: var( --e-global-typography-text-font-family ), Sans-serif; font-size: var( --e-global-typography-text-font-size ); font-weight: var( --e-global-typography-text-font-weight );\"><br><\/span><span style=\"color: var( --e-global-color-text ); font-family: var( --e-global-typography-text-font-family ), Sans-serif; font-size: var( --e-global-typography-text-font-size ); font-weight: var( --e-global-typography-text-font-weight );\"><span data-ccp-props=\"{\">obs.: <\/span>Crian\u00e7a at\u00e9 5 anos: cortesia<\/span><\/p>\n<p><\/p>\t\t\t\t\t\t<\/div>\n\t\t\t\t<\/div>\n\t\t\t\t\t<\/div>\n\t\t<\/div>\n\t\t\t\t\t\t\t<\/div>\n\t\t<\/section>\n\t\t\t\t\t\t\t<\/div>\n\t\t","protected":false},"excerpt":{"rendered":"<p>HOSPEDAGEM O CBM n\u00e3o se responsabiliza pela hospedagem, mas disponibilizamos\u00a0uma lista com os valores praticados pelos hot\u00e9is da cidade com pre\u00e7os especiais para o evento. Para se hospedar nos hot\u00e9is da cidade, contate diretamente o hotel de interesse. Consulte tamb\u00e9m as op\u00e7\u00f5es de pagamento via cart\u00e3o de cr\u00e9dito e boleto banc\u00e1rio.\u00a0 Hotel Monte Real | [&hellip;]<\/p>\n","protected":false},"author":1,"featured_media":0,"parent":0,"menu_order":0,"comment_status":"closed","ping_status":"closed","template":"","meta":{"footnotes":""},"class_list":["post-181","page","type-page","status-publish","hentry"],"yoast_head":"<!-- This site is optimized with the Yoast SEO plugin v19.9 - https:\/\/yoast.com\/wordpress\/plugins\/seo\/ -->\n<title>Hospedagem - CBM 2022<\/title>\n<meta name=\"robots\" content=\"index, follow, max-snippet:-1, max-image-preview:large, max-video-preview:-1\" \/>\n<link rel=\"canonical\" href=\"https:\/\/amtb.org.br\/cbm\/hospedagem\/\" \/>\n<meta property=\"og:locale\" content=\"pt_BR\" \/>\n<meta property=\"og:type\" content=\"article\" \/>\n<meta property=\"og:title\" content=\"Hospedagem - CBM 2022\" \/>\n<meta property=\"og:description\" content=\"HOSPEDAGEM O CBM n\u00e3o se responsabiliza pela hospedagem, mas disponibilizamos\u00a0uma lista com os valores praticados pelos hot\u00e9is da cidade com pre\u00e7os especiais para o evento. Para se hospedar nos hot\u00e9is da cidade, contate diretamente o hotel de interesse. Consulte tamb\u00e9m as op\u00e7\u00f5es de pagamento via cart\u00e3o de cr\u00e9dito e boleto banc\u00e1rio.\u00a0 Hotel Monte Real | [&hellip;]\" \/>\n<meta property=\"og:url\" content=\"https:\/\/amtb.org.br\/cbm\/hospedagem\/\" \/>\n<meta property=\"og:site_name\" content=\"CBM 2022\" \/>\n<meta property=\"article:publisher\" content=\"https:\/\/facebook.com\/amtboficial\" \/>\n<meta property=\"article:modified_time\" content=\"2022-10-29T03:40:47+00:00\" \/>\n<meta name=\"twitter:card\" content=\"summary_large_image\" \/>\n<meta name=\"twitter:label1\" content=\"Est. tempo de leitura\" \/>\n\t<meta name=\"twitter:data1\" content=\"2 minutos\" \/>\n<script type=\"application\/ld+json\" class=\"yoast-schema-graph\">{\"@context\":\"https:\/\/schema.org\",\"@graph\":[{\"@type\":\"WebPage\",\"@id\":\"https:\/\/amtb.org.br\/cbm\/hospedagem\/\",\"url\":\"https:\/\/amtb.org.br\/cbm\/hospedagem\/\",\"name\":\"Hospedagem - CBM 2022\",\"isPartOf\":{\"@id\":\"https:\/\/amtb.org.br\/cbm\/#website\"},\"datePublished\":\"2022-01-20T23:55:55+00:00\",\"dateModified\":\"2022-10-29T03:40:47+00:00\",\"breadcrumb\":{\"@id\":\"https:\/\/amtb.org.br\/cbm\/hospedagem\/#breadcrumb\"},\"inLanguage\":\"pt-BR\",\"potentialAction\":[{\"@type\":\"ReadAction\",\"target\":[\"https:\/\/amtb.org.br\/cbm\/hospedagem\/\"]}]},{\"@type\":\"BreadcrumbList\",\"@id\":\"https:\/\/amtb.org.br\/cbm\/hospedagem\/#breadcrumb\",\"itemListElement\":[{\"@type\":\"ListItem\",\"position\":1,\"name\":\"In\u00edcio\",\"item\":\"https:\/\/amtb.org.br\/cbm\/\"},{\"@type\":\"ListItem\",\"position\":2,\"name\":\"Hospedagem\"}]},{\"@type\":\"WebSite\",\"@id\":\"https:\/\/amtb.org.br\/cbm\/#website\",\"url\":\"https:\/\/amtb.org.br\/cbm\/\",\"name\":\"CBM 2022\",\"description\":\"Verdades que n\u00e3o podemos ignorar\",\"publisher\":{\"@id\":\"https:\/\/amtb.org.br\/cbm\/#organization\"},\"potentialAction\":[{\"@type\":\"SearchAction\",\"target\":{\"@type\":\"EntryPoint\",\"urlTemplate\":\"https:\/\/amtb.org.br\/cbm\/?s={search_term_string}\"},\"query-input\":\"required name=search_term_string\"}],\"inLanguage\":\"pt-BR\"},{\"@type\":\"Organization\",\"@id\":\"https:\/\/amtb.org.br\/cbm\/#organization\",\"name\":\"CBM - Congresso Brasileiro de Miss\u00f5es\",\"url\":\"https:\/\/amtb.org.br\/cbm\/\",\"logo\":{\"@type\":\"ImageObject\",\"inLanguage\":\"pt-BR\",\"@id\":\"https:\/\/amtb.org.br\/cbm\/#\/schema\/logo\/image\/\",\"url\":\"https:\/\/amtb.org.br\/cbm\/wp-content\/uploads\/2022\/01\/logo-cbm-1.png\",\"contentUrl\":\"https:\/\/amtb.org.br\/cbm\/wp-content\/uploads\/2022\/01\/logo-cbm-1.png\",\"width\":750,\"height\":750,\"caption\":\"CBM - Congresso Brasileiro de Miss\u00f5es\"},\"image\":{\"@id\":\"https:\/\/amtb.org.br\/cbm\/#\/schema\/logo\/image\/\"},\"sameAs\":[\"https:\/\/instagram.com\/amtboficial\",\"https:\/\/www.youtube.com\/c\/AMTBoficial\",\"https:\/\/facebook.com\/amtboficial\"]}]}<\/script>\n<!-- \/ Yoast SEO plugin. -->","yoast_head_json":{"title":"Hospedagem - CBM 2022","robots":{"index":"index","follow":"follow","max-snippet":"max-snippet:-1","max-image-preview":"max-image-preview:large","max-video-preview":"max-video-preview:-1"},"canonical":"https:\/\/amtb.org.br\/cbm\/hospedagem\/","og_locale":"pt_BR","og_type":"article","og_title":"Hospedagem - CBM 2022","og_description":"HOSPEDAGEM O CBM n\u00e3o se responsabiliza pela hospedagem, mas disponibilizamos\u00a0uma lista com os valores praticados pelos hot\u00e9is da cidade com pre\u00e7os especiais para o evento. Para se hospedar nos hot\u00e9is da cidade, contate diretamente o hotel de interesse. Consulte tamb\u00e9m as op\u00e7\u00f5es de pagamento via cart\u00e3o de cr\u00e9dito e boleto banc\u00e1rio.\u00a0 Hotel Monte Real | [&hellip;]","og_url":"https:\/\/amtb.org.br\/cbm\/hospedagem\/","og_site_name":"CBM 2022","article_publisher":"https:\/\/facebook.com\/amtboficial","article_modified_time":"2022-10-29T03:40:47+00:00","twitter_card":"summary_large_image","twitter_misc":{"Est. tempo de leitura":"2 minutos"},"schema":{"@context":"https:\/\/schema.org","@graph":[{"@type":"WebPage","@id":"https:\/\/amtb.org.br\/cbm\/hospedagem\/","url":"https:\/\/amtb.org.br\/cbm\/hospedagem\/","name":"Hospedagem - CBM 2022","isPartOf":{"@id":"https:\/\/amtb.org.br\/cbm\/#website"},"datePublished":"2022-01-20T23:55:55+00:00","dateModified":"2022-10-29T03:40:47+00:00","breadcrumb":{"@id":"https:\/\/amtb.org.br\/cbm\/hospedagem\/#breadcrumb"},"inLanguage":"pt-BR","potentialAction":[{"@type":"ReadAction","target":["https:\/\/amtb.org.br\/cbm\/hospedagem\/"]}]},{"@type":"BreadcrumbList","@id":"https:\/\/amtb.org.br\/cbm\/hospedagem\/#breadcrumb","itemListElement":[{"@type":"ListItem","position":1,"name":"In\u00edcio","item":"https:\/\/amtb.org.br\/cbm\/"},{"@type":"ListItem","position":2,"name":"Hospedagem"}]},{"@type":"WebSite","@id":"https:\/\/amtb.org.br\/cbm\/#website","url":"https:\/\/amtb.org.br\/cbm\/","name":"CBM 2022","description":"Verdades que n\u00e3o podemos ignorar","publisher":{"@id":"https:\/\/amtb.org.br\/cbm\/#organization"},"potentialAction":[{"@type":"SearchAction","target":{"@type":"EntryPoint","urlTemplate":"https:\/\/amtb.org.br\/cbm\/?s={search_term_string}"},"query-input":"required name=search_term_string"}],"inLanguage":"pt-BR"},{"@type":"Organization","@id":"https:\/\/amtb.org.br\/cbm\/#organization","name":"CBM - Congresso Brasileiro de Miss\u00f5es","url":"https:\/\/amtb.org.br\/cbm\/","logo":{"@type":"ImageObject","inLanguage":"pt-BR","@id":"https:\/\/amtb.org.br\/cbm\/#\/schema\/logo\/image\/","url":"https:\/\/amtb.org.br\/cbm\/wp-content\/uploads\/2022\/01\/logo-cbm-1.png","contentUrl":"https:\/\/amtb.org.br\/cbm\/wp-content\/uploads\/2022\/01\/logo-cbm-1.png","width":750,"height":750,"caption":"CBM - Congresso Brasileiro de Miss\u00f5es"},"image":{"@id":"https:\/\/amtb.org.br\/cbm\/#\/schema\/logo\/image\/"},"sameAs":["https:\/\/instagram.com\/amtboficial","https:\/\/www.youtube.com\/c\/AMTBoficial","https:\/\/facebook.com\/amtboficial"]}]}},"_links":{"self":[{"href":"https:\/\/amtb.org.br\/cbm\/wp-json\/wp\/v2\/pages\/181","targetHints":{"allow":["GET"]}}],"collection":[{"href":"https:\/\/amtb.org.br\/cbm\/wp-json\/wp\/v2\/pages"}],"about":[{"href":"https:\/\/amtb.org.br\/cbm\/wp-json\/wp\/v2\/types\/page"}],"author":[{"embeddable":true,"href":"https:\/\/amtb.org.br\/cbm\/wp-json\/wp\/v2\/users\/1"}],"replies":[{"embeddable":true,"href":"https:\/\/amtb.org.br\/cbm\/wp-json\/wp\/v2\/comments?post=181"}],"version-history":[{"count":55,"href":"https:\/\/amtb.org.br\/cbm\/wp-json\/wp\/v2\/pages\/181\/revisions"}],"predecessor-version":[{"id":539,"href":"https:\/\/amtb.org.br\/cbm\/wp-json\/wp\/v2\/pages\/181\/revisions\/539"}],"wp:attachment":[{"href":"https:\/\/amtb.org.br\/cbm\/wp-json\/wp\/v2\/media?parent=181"}],"curies":[{"name":"wp","href":"https:\/\/api.w.org\/{rel}","templated":true}]}}